{"id":268,"date":"2021-02-15T09:35:04","date_gmt":"2021-02-15T09:35:04","guid":{"rendered":"https:\/\/longo.webpreviews.de\/?page_id=268"},"modified":"2025-06-05T19:03:52","modified_gmt":"2025-06-05T19:03:52","slug":"allgemeine-geschaeftsbedingungen","status":"publish","type":"page","link":"https:\/\/longo-communication.com\/index.php\/allgemeine-geschaeftsbedingungen\/","title":{"rendered":"Allgemeine Gesch\u00e4ftsbedingungen"},"content":{"rendered":"<p>[et_pb_section fb_built=&#8220;1&#8243; _builder_version=&#8220;3.27.2&#8243;][et_pb_row _builder_version=&#8220;4.9.0&#8243; _module_preset=&#8220;default&#8220;][et_pb_column type=&#8220;4_4&#8243; _builder_version=&#8220;4.9.0&#8243; _module_preset=&#8220;default&#8220;][et_pb_toggle title=&#8220;AGBs der Longo Communication GmbH&#8220; _builder_version=&#8220;4.9.0&#8243; _module_preset=&#8220;default&#8220;]<\/p>\n<p><strong>Allgemeine Gescha\u0308ftbedingungen der Longo Communication GmbH, Spitalstra\u00dfe 26, 91207 Lauf<\/strong><\/p>\n<p><strong>\u00a71 Allgemeines<\/strong><\/p>\n<p>Die nachstehenden Gescha\u0308ftsbedingungen gelten fu\u0308r alle unsere Angebote und Leistungen und gelten mit Auftragsannahme durch uns auch fu\u0308r alle spa\u0308teren Gescha\u0308fte als vereinbart. Fremde AGBs haben keine Gu\u0308ltigkeit. Regelungen, die diese Bedingungen aba\u0308ndern oder aufheben, sind nur dann gu\u0308ltig, wenn wir diese schriftlich besta\u0308tigt haben. Gegenbesta\u0308tigungen der Gescha\u0308ftspartner unter Hinweis auf deren AGBs wird hiermit widersprochen, dies gilt auch auf den formularma\u0308\u00dfigen Hinweis auf deren eigene AGBs. Wir behalten uns vor diese Bedingungen in zumutbarer Weise zu a\u0308ndern. Gegenstand der nachfolgenden Allgemeinen Gescha\u0308ftsbedingungen ist der Vertrag u\u0308ber die Ta\u0308tigkeit einer Werbeagentur, die diese auf den Gebieten der Marketingberatung, Werbeplanung, Werbegestaltung und Werbemittlung fu\u0308r andere Unternehmen oder sonstige Auftraggeber durchfu\u0308hrt.<\/p>\n<p><strong>\u00a72 Angebote und Vertragsschluss<\/strong><\/p>\n<p>Unsere Angebote sind stets freibleibend. An unsere Angebotspreise halten wir uns la\u0308ngstens fu\u0308r einen Zeitraum von 4 Wochen bis Auftragserteilung gebunden. Ein wirksamer Vertrag kommt im Zweifel erst mit und in jedem Fall nur nach Ma\u00dfgabe und Inhalt unserer schriftlichen Auftragsbesta\u0308tigung zustande, sofern eine solche erteilt wird. Mitgeteilte Angebotspreise sind keine Offerten und werden nur bei schriftlicher Besta\u0308tigung des Auftrages Grundlage des Vertrages. Angebote nebst Anlagen du\u0308rfen ohne unser Einversta\u0308ndnis Dritten nicht zuga\u0308nglich gemacht werden.<\/p>\n<p><strong>\u00a73 Umfang des Auftrages<\/strong><\/p>\n<p>Gegenstand des Auftrages ist die vereinbarte, im Vertrag bezeichnete Ta\u0308tigkeit, nicht jedoch die Erzielung eines bestimmten wirtschaftlichen Erfolges. Von Dritten oder vom Auftraggeber gelieferte Daten werden von uns nur auf die Plausibilita\u0308t u\u0308berpru\u0308ft. Soweit nicht anders vereinbart, ko\u0308nnen wir uns zur Auftragsausfu\u0308hrung sachversta\u0308ndiger Unterauftragnehmer bedienen. Bestellungen des Auftraggebers mu\u0308!ssen in schriftlicher Form an uns u\u0308bermittelt werden.<\/p>\n<p><strong>\u00a74 A\u0308nderungen des Leistungsumfanges<\/strong><\/p>\n<p>Mu\u0308ndliche Abmachungen und Nebenabreden sowie nachtra\u0308gliche A\u0308nderungen des vereinbarten Vertragsinhaltes bedu\u0308rfen zu Ihrer Wirksamkeit der Schriftform und grundsa\u0308tzlich unserer schriftlichen Besta\u0308tigung. Fu\u0308r alle vom Auftraggeber in Auftrag gegebenen zusa\u0308tzlichen Dienstleistungen berechnen wir die angemessene Vergu\u0308tung gema\u0308\u00df unserer jeweils gu\u0308ltigen Preislisten. Insoweit es sich bei Kosten um durchgehende Posten handelt, die uns von Dritten berechnet werden, sind wir berechtigt, uns von Dritten berechnete Preiserho\u0308hungen an unsere Auftraggeber weiterzuberechnen. Die Preise sind Nettopreise ohne Fracht und ohne Nachla\u0308sse exklusive der MwSt.<\/p>\n<p><strong>\u00a75 Mitwirkungspflichten des Auftraggebers<\/strong><\/p>\n<p>Der Auftraggeber ist verpflichtet uns nach Kra\u0308ften zu unterstu\u0308tzen und alle zur ordnungsgema\u0308\u00dfen Auftragsausfu\u0308hrung notwendigen Voraussetzungen zu schaffen. Insbesondere hat der Auftraggeber uns alle fu\u0308r die Auftragsdurchfu\u0308hrung notwendigen oder bedeutsamen Informationen, Materialien und Unterlagen rechtzeitig, d.h. innerhalb vom Auftragnehmer gesetzter Anforderungsfristen zur Verfu\u0308gung zu stellen. Vorschla\u0308ge des Auftraggebers oder seine sonstige Mitarbeit haben keinen Einfluss auf die Ho\u0308he der Vergu\u0308tung. Der Auftraggeber bevollma\u0308chtigt uns Vertra\u0308ge u\u0308ber Leistungen, die wir selbst von Dritten beziehen, im Namen und fu\u0308r Rechnung des Auftraggebers abzuschlie\u00dfen. Der Auftraggeber hat auf unsere Aufforderung hin die Druckfreigaben und Freigaben fu\u0308r Korrekturen zu erteilen.<\/p>\n<p><strong>\u00a76 Leistungen, Leistungsverzug<\/strong><\/p>\n<p>Wir sind berechtigt unsere Leistungsverpflichtungen in Teilleistungen oder Teillieferungen zu erfu\u0308llen. Im Falle von Leistungs- oder Lieferverzo\u0308gerungen richten sich Schadensersatzanspru\u0308che ausschlie\u00dflich nach Ma\u00dfgabe des \u00a712 (Haftungsausschluss). Bei schuldhafter U\u0308berschreitung einer vereinbarten Leistungs- oder Lieferfrist ist Verzug erst nach Setzen einer angemessenen Nachfrist gegeben.<\/p>\n<p><strong>\u00a77 Preise und Zahlungsbedingungen<\/strong><\/p>\n<p>Das Entgelt fu\u0308r die Dienste des Auftragnehmers wird entweder nach den fu\u0308r die Ta\u0308tigkeit aufgewendeten Zeiten berechnet, oder als Festpreis vereinbart. Sofern nicht anders vereinbart, haben wir daneben der Honorarforderung Anspruch auf Ersatz der Auslagen. Einzelheiten der Zahlungsweise werden im Vertrag geregelt. Erfolgt die Abrechnung nach Zeithonorar, so sind wir berichtigt in angemessenen Zeitabsta\u0308nden Abrechnungen nach geleistetem Arbeitsaufwand und angefallenen Auslagen vorzunehmen. Zusa\u0308tzlich erforderliche Arbeiten, wie Nachbearbeitungen und Nebenleistungen berechnen wir nach Aufwand zu unserem jeweils aktuellen Stundensatz separat. Unsere Preise verstehen sich rein netto in EURO exklusive der Umsatzsteuer. Eine Gewa\u0308hrung von Skonti oder anderen Abzu\u0308gen ist ausgeschlossen. Die Bezahlung unserer Leistungen erfolgt, sofern schriftlich nicht anders vereinbart, durch U\u0308berweisung oder per Bankeinzug innerhalb von 2 Wochen nach Rechnungsstellung. Befindet sich der Auftraggeber im Zahlungsverzug, so sind wir berechtigt ab dem Eintritt des Verzuges Verzugszinsen in Ho\u0308he von 3% (in Worten 3 von Hundert) u\u0308ber dem jeweiligen Diskontsatz der Deutschen Bundesbank zu berechnen. Erfu\u0308llungsort fu\u0308r alle Lieferungen ist das Bu\u0308ro der Longo Communication GmbH. Anderslautende Absprachen sind schriftlich festzuhalten.<\/p>\n<p><strong>\u00a78 Schutz des geistigen Eigentums<\/strong><\/p>\n<p>Soweit Arbeitsergebnisse urheberrechtsfa\u0308hig sind, bleiben wir als Produzent Urheber. Der Auftraggeber erha\u0308lt in diesen Fa\u0308llen nur das von uns eingeschra\u0308nkte, zeitlich und o\u0308rtlich beschra\u0308nkte, widerrufliche, ausschlie\u00dfliche und nicht u\u0308bertragbare Nutzungsrecht an den Arbeitsergebnissen, soweit im Vertrag nichts Abweichendes vereinbart ist. Die Longo Communication GmbH beha\u0308lt sich das Recht vor, Arbeiten und Entwu\u0308rfe zu archivieren und als Referenz zu verwenden. Der Auftraggeber hat das Recht (auf den Vervielfa\u0308ltigungsstu\u0308cken im Internetauftritt) als Urheber genannt zu werden.<\/p>\n<p><strong>\u00a79 Farben und Bildmuster\/Abbildungen<\/strong><\/p>\n<p>Wir weisen ausdru\u0308cklich darauf hin, dass Bildschirmfarben (RGB) von Druckfarben (CMYK) auf verschiedenen Medien (z.B. Papier, Stoffe, Folien, Banner&#8230;) abweichen. Bei Farbabweichungen ist die Ru\u0308ckgabe bzw. der Umtausch ausgeschlossen. Dieses ist in der gesamten Druckindustrie bekannt und in gleichem Ma\u00dfe vollzogen. Um dieses zu vermeiden, besteht die Mo\u0308glichkeit, vorab gegen Aufpreis ein farbverbindliches Proof zu bestellen.<\/p>\n<p><strong>\u00a710 Urheber- und Markenrechte<\/strong><\/p>\n<p>Der Auftraggeber erkla\u0308rt, dass er im Besitz der fu\u0308r die von ihm in Auftrag gegebenen Leistungen erforderlichen Urheber- und\/oder Markenrechte ist oder sich, falls er nicht selbst Urheber und\/oder Markeninhaber ist, vom Urheber und\/oder Markeninhaber eine Genehmigung fu\u0308r die Verwendung der Abbildungen, Markenzeichen und\/oder -namen eingeholt hat. Es wird vom Auftragnehmer nicht u\u0308berpru\u0308ft, ob der Auftraggeber im Besitz der fu\u0308r die zu erbringenden Leistungen erforderlichen Urheber- und Markenrechte ist. Eine Haftung gegenu\u0308ber Dritten in Bezug auf Urheber und\/ oder Markenrechtsanspru\u0308chen wird fu\u0308r die in Auftrag gegebenen Leistungen daher ausgeschlossen. Sollten die in Auftrag gegebenen Leistungen gegen Urheber- und\/oder Markenrecht versto\u00dfen, hat dies der Auftraggeber selbst zu verantworten.<\/p>\n<p><strong>\u00a711 Gewa\u0308hrleistung<\/strong><\/p>\n<p>Fu\u0308r unsere Leistungen u\u0308bernehmen wir nur nach Ma\u00dfgabe der nachfolgenden Bestimmungen und nur gegenu\u0308ber dem Auftraggeber als erstem Abnehmer die Gewa\u0308hr. Die Abtretung von Gewa\u0308hrleistungsanspru\u0308chen an Dritte ist ausgeschlossen. Schadensersatzanspru\u0308che, gleich welcher Art, gelten als grundsa\u0308tzlich ausgeschlossen. Bei berechtigten, durch uns zu vertretenden Ma\u0308ngeln ist der Auftraggeber innerhalb von 14 Tagen nach Erhalt der Leistung verpflichtet, diese uns gegenu\u0308ber schriftlich anzuzeigen. Dabei ist eine genaue Beschreibung der Ma\u0308ngel verbindlich. Im berechtigten Falle eines Mangels werden wir nach unserem Ermessen kostenlose Nachbesserung erbringen. Weitergehende Anspru\u0308che des Auftraggebers sind mit Ausnahme von Vorsatz und grober Fahrla\u0308ssigkeit insgesamt ausgeschlossen. Die Haftung des Auftragnehmers nach dem Produkthaftungsgesetz bleibt unberu\u0308hrt. Vertragsstrafen werden nicht anerkannt.<\/p>\n<p><strong>\u00a712 Haftungsausschluss<\/strong><\/p>\n<p>Wegen Verletzung vertraglicher oder au\u00dfervertraglicher Pflichten, insbesondere wegen Unmo\u0308glichkeit oder Verzug haften wir fu\u0308r uns und unsere Erfu\u0308llungsgehilfen nur in Fa\u0308llen des Vorsatzes und der groben Fahrla\u0308ssigkeit. Die Haftung ist nach Absatz 1 beschra\u0308nkt auf den bei Vertragsschluss voraussehbaren vertragstypischen Schaden. Insoweit wir Leistung, die wir an unsere Auftraggeber weitergeben, selbst von Dritten beziehen, haften wir nicht fu\u0308r deren Verschulden.<\/p>\n<p><strong>\u00a713 Datenschutz und Verschwiegenheit<\/strong><\/p>\n<p>Die Longo Communication GmbH verpflichtet sich, u\u0308ber alle betrieblichen Belange des Auftraggebers, u\u0308ber die sie im Rahmen der Vertragserfu\u0308llung Kenntnis erlangt, Stillschweigen zu bewahren und vertrauliche Informationen nicht an Dritte weiterzugeben. Der Auftraggeber gibt sein Einversta\u0308ndnis dazu, dass wir von ihm u\u0308bermittelte Daten speichern. Der Auftraggeber wird hiermit gema\u0308\u00df \u00a733 Abs. 1 Bundesdatenschutzgesetz (BDSG) daru\u0308ber unterrichtet, dass wir personenbezogene Daten in maschinenlesbarer Form und fu\u0308r Aufgaben, die sich aus dem Vertrag ergeben, maschinell verarbeiten. Werden vom Auftraggeber Adressdaten zur Verf\u00fcgung gestellt gelten die datenschutzrechtlichen Bestimmungen.<\/p>\n<p><strong>\u00a714 Erf\u00fcllungsort und Gerichtsstand<\/strong><\/p>\n<p>Erfu\u0308llungsort und Gerichtsstand fu\u0308r sa\u0308mtliche aus dem Vertrag erwachsenden Anspru\u0308che ist fu\u0308r beide Vertragsteile, sofern sie Kaufleute sind, der Sitz der Longo Communication GmbH in 91207 Lauf. Es gelten die Gesetze der Bundesrepublik Deutschland unter Ausschluss ausla\u0308ndischen Rechtes und des vereinheitlichten internationalen Kaufrechtes. Die deutsche Fassung eines Vertragstextes ist ma\u00dfgeblich.<\/p>\n<p><strong>\u00a715 Salvatorische Klausel<\/strong><\/p>\n<p>Sollte eine der vorgenannten Bestimmungen dieser AGB aus irgendeinem Grunde nichtig, unwirksam oder undurchfu\u0308hrbar sein, so bleibt die Gu\u0308ltigkeit der u\u0308brigen Bestimmungen und des zugrunde liegenden Vertrages davon unberu\u0308hrt. Die Parteien sind in einem solchen Fall gehalten, an die Stelle der Not leidenden Bestimmung eine Vereinbarung zu setzen, die der fortgefallenen Bestimmung am ehesten entspricht.<\/p>\n<p>LONGO Communication GmbH I Spitalstra\u00dfe 26 I 91207 Lauf a. d. Peg. I Germany<\/p>\n<p>Tel.: +49 9123 99 037 93 I Fax: +49 9123 99 037 95 I info@longo-communication.com<\/p>\n<p>Sitz der Gesellschaft: Lauf I Amtsgericht Nu\u0308rnberg HRB 24403 I Gescha\u0308ftsfu\u0308hrung: Sonja Haug<\/p>\n<p>Sparkasse Nu\u0308rnberg I BLZ 76050101 I Konto 9008863 I IBAN DE78 7605 0101 0009 0088 63 I SWIFT-BIC: BIC: SSKN DE 77<\/p>\n<p>[\/et_pb_toggle][et_pb_toggle title=&#8220;Zus\u00e4tzliche AGBs der Marke Connection360\u00b0&#8220; _builder_version=&#8220;4.9.0&#8243; _module_preset=&#8220;default&#8220;]<\/p>\n<h6><strong>Zus\u00e4tzliche Bestimmungen f\u00fcr Coaching- und Seminarangebote der Marke Connection360\u00b0<\/strong><\/h6>\n<p>Diese erg\u00e4nzenden Bestimmungen gelten f\u00fcr alle Coachings, Seminare, Online-Sessions, Gruppenformate, Zoom-Veranstaltungen und tiergest\u00fctzten Angebote, die unter der Marke Connection360\u00b0 durch die Longo Communication GmbH erbracht werden.<\/p>\n<p><strong>1. Geltungsbereich<\/strong><br \/>Die nachfolgenden Bedingungen erg\u00e4nzen die Allgemeinen Gesch\u00e4ftsbedingungen der Longo Communication GmbH um Leistungen aus dem Bereich Mensch-Hund-Coaching, Pers\u00f6nlichkeitsentwicklung mit Tierbezug sowie Online- und Pr\u00e4senzseminare der Marke Connection360\u00b0.<\/p>\n<p><strong>2. Art der Leistung<\/strong><br \/>Die Angebote unter Connection360\u00b0 sind ausdr\u00fccklich Coaching-Angebote und keine therapeutischen, heilkundlichen oder medizinischen Leistungen. Es werden keine Diagnosen gestellt und keine Heilversprechen gegeben. Die Teilnahme erfolgt in Eigenverantwortung.<\/p>\n<p><strong>3. Anmeldung und Vertragsschluss<\/strong><br \/>Die Buchung erfolgt schriftlich oder digital und wird mit Terminbest\u00e4tigung verbindlich. Mit der Anmeldung erkennt der\/die Teilnehmende diese erg\u00e4nzenden AGB an. Ein R\u00fccktritt ist nur unter den genannten Bedingungen m\u00f6glich.<\/p>\n<p><strong>4. Zahlungsbedingungen<\/strong><br \/>Die Teilnahmegeb\u00fchr ist vor Veranstaltungsbeginn vollst\u00e4ndig zu entrichten, wahlweise per \u00dcberweisung oder PayPal. Ratenzahlungen k\u00f6nnen schriftlich vereinbart werden.<\/p>\n<p><strong>5. Stornierung durch Teilnehmende<\/strong><br \/>Einzelsessions online (Zoom): Kostenfreie Stornierung bis 24 Stunden vor Termin.<\/p>\n<p>Einzelsessions vor Ort: Kostenfreie Stornierung bis 48 Stunden vor Termin.<\/p>\n<p>Seminare &amp; Workshops (Pr\u00e4senz):<\/p>\n<ul>\n<li>bis 30 Tage vor Beginn: kostenfrei<\/li>\n<li>29\u201314 Tage vor Beginn: 50\u202f% der Geb\u00fchr<\/li>\n<li>ab 13 Tage vor Beginn oder Nichterscheinen: 100\u202f% der Geb\u00fchr<\/li>\n<\/ul>\n<p>eine Umbuchung ist einmalig kostenfrei m\u00f6glich, sofern ein Platz verf\u00fcgbar ist<\/p>\n<p><strong>6. Absage durch die Anbieterin<\/strong><br \/>Muss ein Termin aus gesundheitlichen oder organisatorischen Gr\u00fcnden abgesagt werden, wird ein Ersatztermin angeboten. Bei wetterabh\u00e4ngigen Outdoor-Angeboten kann die Veranstaltung bei starkem Regen, Sturm oder Gewitter verschoben werden. Eine R\u00fcckerstattung erfolgt nicht.<\/p>\n<p><strong>7. Verantwortung f\u00fcr Hunde<\/strong><br \/>Teilnehmende Hunde m\u00fcssen haftpflichtversichert sein. Die Halter:innen \u00fcbernehmen die volle Verantwortung f\u00fcr ihre Tiere \u2013 auch w\u00e4hrend Gruppen\u00fcbungen. Tiere mit aggressivem Verhalten k\u00f6nnen von der Teilnahme ausgeschlossen werden.<\/p>\n<p><strong>8. Zoom &amp; Online-Coachings<\/strong><br \/>F\u00fcr Online-Angebote tr\u00e4gt der\/die Teilnehmende die Verantwortung f\u00fcr eine funktionierende Technik. Die Anbieterin \u00fcbernimmt keine Haftung f\u00fcr Ausf\u00e4lle auf Kundenseite. Zoom-Sitzungen d\u00fcrfen ohne Zustimmung weder aufgezeichnet noch weitergegeben werden.<\/p>\n<p><strong>9. Teilnahmebescheinigungen<\/strong><br \/>Auf Wunsch wird eine Teilnahmebescheinigung f\u00fcr absolvierte Seminare ausgestellt. Es besteht kein Anspruch auf Zertifizierung oder therapeutische Anerkennung.<\/p>\n<p><strong>10. Urheberrecht<\/strong><br \/>S\u00e4mtliche Inhalte (Methoden, Konzepte, Audio, Texte, Videos) sind urheberrechtlich gesch\u00fctzt und d\u00fcrfen ohne schriftliche Zustimmung nicht vervielf\u00e4ltigt oder ver\u00f6ffentlicht werden.<\/p>\n<p><strong>11. Gerichtsstand<\/strong><br \/>Es gilt \u00a714 der AGB der Longo Communication GmbH. Gerichtsstand ist 91207 Lauf an der Pegnitz.<\/p>\n<p>[\/et_pb_toggle][\/et_pb_column][\/et_pb_row][\/et_pb_section]<\/p>\n","protected":false},"excerpt":{"rendered":"<p>[et_pb_section fb_built=&#8220;1&#8243; _builder_version=&#8220;3.27.2&#8243;][et_pb_row _builder_version=&#8220;4.9.0&#8243; _module_preset=&#8220;default&#8220;][et_pb_column type=&#8220;4_4&#8243; _builder_version=&#8220;4.9.0&#8243; _module_preset=&#8220;default&#8220;][et_pb_toggle title=&#8220;AGBs der Longo Communication GmbH&#8220; _builder_version=&#8220;4.9.0&#8243; _module_preset=&#8220;default&#8220;] Allgemeine Gescha\u0308ftbedingungen der Longo Communication GmbH, Spitalstra\u00dfe 26, 91207 Lauf \u00a71 Allgemeines Die nachstehenden Gescha\u0308ftsbedingungen gelten fu\u0308r alle unsere Angebote und Leistungen und gelten mit Auftragsannahme durch uns auch fu\u0308r alle spa\u0308teren Gescha\u0308fte als vereinbart. Fremde AGBs haben keine Gu\u0308ltigkeit. [&hellip;]<\/p>\n","protected":false},"author":1,"featured_media":0,"parent":0,"menu_order":0,"comment_status":"closed","ping_status":"closed","template":"","meta":{"_et_pb_use_builder":"on","_et_pb_old_content":"","_et_gb_content_width":""},"_links":{"self":[{"href":"https:\/\/longo-communication.com\/index.php\/wp-json\/wp\/v2\/pages\/268"}],"collection":[{"href":"https:\/\/longo-communication.com\/index.php\/wp-json\/wp\/v2\/pages"}],"about":[{"href":"https:\/\/longo-communication.com\/index.php\/wp-json\/wp\/v2\/types\/page"}],"author":[{"embeddable":true,"href":"https:\/\/longo-communication.com\/index.php\/wp-json\/wp\/v2\/users\/1"}],"replies":[{"embeddable":true,"href":"https:\/\/longo-communication.com\/index.php\/wp-json\/wp\/v2\/comments?post=268"}],"version-history":[{"count":6,"href":"https:\/\/longo-communication.com\/index.php\/wp-json\/wp\/v2\/pages\/268\/revisions"}],"predecessor-version":[{"id":713,"href":"https:\/\/longo-communication.com\/index.php\/wp-json\/wp\/v2\/pages\/268\/revisions\/713"}],"wp:attachment":[{"href":"https:\/\/longo-communication.com\/index.php\/wp-json\/wp\/v2\/media?parent=268"}],"curies":[{"name":"wp","href":"https:\/\/api.w.org\/{rel}","templated":true}]}}